{"id":612,"date":"2023-03-05T21:57:54","date_gmt":"2023-03-05T20:57:54","guid":{"rendered":"https:\/\/knjigosaur.ba\/?page_id=612"},"modified":"2025-04-09T12:09:37","modified_gmt":"2025-04-09T11:09:37","slug":"biografija-mirsad-becirbasic","status":"publish","type":"page","link":"https:\/\/knjigosaur.ba\/?page_id=612","title":{"rendered":"Biografija Mirsad Be\u0107irba\u0161i\u0107"},"content":{"rendered":" <img src='https:\/\/knjigosaur.ba\/wp-content\/plugins\/dp-post-views\/images\/eyes.png' class='dppv_eyes' width='100' height='100'> 0","protected":false},"excerpt":{"rendered":"<p>0<\/p>\n","protected":false},"author":1,"featured_media":0,"parent":0,"menu_order":0,"comment_status":"closed","ping_status":"closed","template":"","meta":{"saved_in_kubio":false,"footnotes":""},"class_list":["post-612","page","type-page","status-publish","hentry"],"kubio_ai_page_context":{"short_desc":"","purpose":"general"},"_links":{"self":[{"href":"https:\/\/knjigosaur.ba\/index.php?rest_route=\/wp\/v2\/pages\/612","targetHints":{"allow":["GET"]}}],"collection":[{"href":"https:\/\/knjigosaur.ba\/index.php?rest_route=\/wp\/v2\/pages"}],"about":[{"href":"https:\/\/knjigosaur.ba\/index.php?rest_route=\/wp\/v2\/types\/page"}],"author":[{"embeddable":true,"href":"https:\/\/knjigosaur.ba\/index.php?rest_route=\/wp\/v2\/users\/1"}],"replies":[{"embeddable":true,"href":"https:\/\/knjigosaur.ba\/index.php?rest_route=%2Fwp%2Fv2%2Fcomments&post=612"}],"version-history":[{"count":16,"href":"https:\/\/knjigosaur.ba\/index.php?rest_route=\/wp\/v2\/pages\/612\/revisions"}],"predecessor-version":[{"id":2013,"href":"https:\/\/knjigosaur.ba\/index.php?rest_route=\/wp\/v2\/pages\/612\/revisions\/2013"}],"wp:attachment":[{"href":"https:\/\/knjigosaur.ba\/index.php?rest_route=%2Fwp%2Fv2%2Fmedia&parent=612"}],"curies":[{"name":"wp","href":"https:\/\/api.w.org\/{rel}","templated":true}]}}