{"id":808,"date":"2023-03-10T23:48:26","date_gmt":"2023-03-10T22:48:26","guid":{"rendered":"https:\/\/knjigosaur.ba\/?page_id=808"},"modified":"2023-03-15T01:00:34","modified_gmt":"2023-03-15T00:00:34","slug":"pripopvjetke","status":"publish","type":"page","link":"https:\/\/knjigosaur.ba\/?page_id=808","title":{"rendered":"&#8230;Pri\u010de"},"content":{"rendered":"<div id=\"caf-post-layout-container\" class=\"caf-post-layout-container \r\n     multiple-taxonomy-filter post-layout3 \r\n     data-target-div1\"\r\n     data-post-type=\"post\"\r\n     data-tax=\"category,post_tag\"\r\n     data-terms=\"category___17\"\r\n     data-per-page=\"4\"\r\n     data-selected-terms=\"category___31,category___33,category___32,category___20,category___17,post_tag___45,post_tag___36\"\r\n     data-filter-id=\"807\"\r\n     data-post-layout=\"post-layout3\"\r\n     data-filter-layout=\"multiple-taxonomy-filter\"\r\n     data-target-div=\"data-target-div1\"\r\n     data-relation=\"IN\"\r\n     data-default-term=\"category___17\"\r\n     data-scroll=\"desktop\"\r\n     data-scroll-desk=\"-100\"\r\n     data-scroll-mob=\"-100\"\r\n     current-post-id=\"808\"\r\n     data-order-by=\"author\"\r\n     data-order-type=\"asc\"\r\n     active-filters=\"on\"\r\n     active-filters-style=\"without_tax\"\r\n     ><div id=\"caf-multiple-taxonomy-filter\" class='caf-mtf-layout caf-filter-layout data-target-div1 '>\r\n<ul class=\"caf-filter-container caf-mtf-layout caf-mtf-tax-category\"><h3 class='tax-heading' data-name='category'>Categories<i class='fa fa-chevron-up' aria-hidden='true'><\/i><\/h3><li style='' class='mtf-li-child caf-first-child'><input  type='checkbox' name='mtf_terms[]' class='mtf-terms check_box' id='mtf-terms-31' data-id='category___31' value='category___31' data-target-div='data-target-div1'><label for='mtf-terms-31' class='' data-main-id='flt'>Jagoda Ili\u010di\u0107<\/label><\/li><li style='' class='mtf-li-child '><input  type='checkbox' name='mtf_terms[]' class='mtf-terms check_box' id='mtf-terms-33' data-id='category___33' value='category___33' data-target-div='data-target-div1'><label for='mtf-terms-33' class='' data-main-id='flt'>Mirsad Be\u0107irba\u0161i\u0107<\/label><\/li><li style='' class='mtf-li-child '><input  type='checkbox' name='mtf_terms[]' class='mtf-terms check_box' id='mtf-terms-32' data-id='category___32' value='category___32' data-target-div='data-target-div1'><label for='mtf-terms-32' class='' data-main-id='flt'>Tatjana Andrejevi\u0107<\/label><\/li><li style='' class='mtf-li-child '><input  type='checkbox' name='mtf_terms[]' class='mtf-terms check_box' id='mtf-terms-20' data-id='category___20' value='category___20' data-target-div='data-target-div1'><label for='mtf-terms-20' class='' data-main-id='flt'>Bajka<\/label><\/li><li style='' class='mtf-li-child '><input checked type='checkbox' name='mtf_terms[]' class='mtf-terms check_box' id='mtf-terms-17' data-id='category___17' value='category___17' data-target-div='data-target-div1'><label for='mtf-terms-17' class='' data-main-id='flt'>Pri\u010da<\/label><\/li><\/ul><ul class=\"caf-filter-container caf-mtf-layout caf-mtf-tax-post_tag\"><h3 class='tax-heading' data-name='post_tag'>Tags<i class='fa fa-chevron-up' aria-hidden='true'><\/i><\/h3><li style='' class='mtf-li-child caf-first-child'><input  type='checkbox' name='mtf_terms[]' class='mtf-terms check_box' id='mtf-terms-45' data-id='post_tag___45' value='post_tag___45' data-target-div='data-target-div1'><label for='mtf-terms-45' class='' data-main-id='flt'><i class='fas fa-file-audio caf-front-ic'><\/i>Audio<\/label><\/li><li style='' class='mtf-li-child '><input  type='checkbox' name='mtf_terms[]' class='mtf-terms check_box' id='mtf-terms-36' data-id='post_tag___36' value='post_tag___36' data-target-div='data-target-div1'><label for='mtf-terms-36' class='' data-main-id='flt'><i class='fas fa-bed caf-front-ic'><\/i>Pri\u010da za laku no\u0107<\/label><\/li><\/ul><\/ul>\r\n<\/div><div class='caf-active-filters'><ul><\/ul><\/div><div class='caf-manage-sorting-front'>\r\n <div class='caf-manage-sorting-wrap first-wrap'>\r\n Order By :\r\n <select class=\"caf-sort-front caf-sort-order-by\">\r\n <option value=\"author\" selected>Author<\/option>\r\n <option value=\"title\" >Title<\/option>\r\n <option value=\"ID\" >Post ID<\/option>\r\n <option value=\"date\" >Date<\/option>\r\n <option value=\"rand\" >Random<\/option>\r\n <\/select><\/div>\r\n\r\n <div class='caf-manage-sorting-wrap'>\r\n Order  :\r\n <select class=\"caf-sort-front caf-sort-order-type\">\r\n <option value=\"asc\" selected>Asc<\/option>\r\n <option value=\"desc\" >Desc<\/option>\r\n <\/select><\/div>\r\n\r\n<\/div>\r\n\r\n<div id='manage-ajax-response' class='caf-row'><div class=\"status\"><i class=\"fa fa-spinner\" aria-hidden=\"true\"><\/i><\/div><div class=\"content\"><\/div><\/div><\/div>\n <img src='https:\/\/knjigosaur.ba\/wp-content\/plugins\/dp-post-views\/images\/eyes.png' class='dppv_eyes' width='100' height='100'> 0","protected":false},"excerpt":{"rendered":"<p>0<\/p>\n","protected":false},"author":1,"featured_media":0,"parent":0,"menu_order":0,"comment_status":"closed","ping_status":"closed","template":"","meta":{"saved_in_kubio":false,"footnotes":""},"class_list":["post-808","page","type-page","status-publish","hentry"],"kubio_ai_page_context":{"short_desc":"","purpose":"general"},"_links":{"self":[{"href":"https:\/\/knjigosaur.ba\/index.php?rest_route=\/wp\/v2\/pages\/808","targetHints":{"allow":["GET"]}}],"collection":[{"href":"https:\/\/knjigosaur.ba\/index.php?rest_route=\/wp\/v2\/pages"}],"about":[{"href":"https:\/\/knjigosaur.ba\/index.php?rest_route=\/wp\/v2\/types\/page"}],"author":[{"embeddable":true,"href":"https:\/\/knjigosaur.ba\/index.php?rest_route=\/wp\/v2\/users\/1"}],"replies":[{"embeddable":true,"href":"https:\/\/knjigosaur.ba\/index.php?rest_route=%2Fwp%2Fv2%2Fcomments&post=808"}],"version-history":[{"count":6,"href":"https:\/\/knjigosaur.ba\/index.php?rest_route=\/wp\/v2\/pages\/808\/revisions"}],"predecessor-version":[{"id":948,"href":"https:\/\/knjigosaur.ba\/index.php?rest_route=\/wp\/v2\/pages\/808\/revisions\/948"}],"wp:attachment":[{"href":"https:\/\/knjigosaur.ba\/index.php?rest_route=%2Fwp%2Fv2%2Fmedia&parent=808"}],"curies":[{"name":"wp","href":"https:\/\/api.w.org\/{rel}","templated":true}]}}