{"id":915,"date":"2023-03-14T19:00:31","date_gmt":"2023-03-14T18:00:31","guid":{"rendered":"https:\/\/knjigosaur.ba\/?page_id=915"},"modified":"2023-03-14T19:00:31","modified_gmt":"2023-03-14T18:00:31","slug":"autori-2","status":"publish","type":"page","link":"https:\/\/knjigosaur.ba\/?page_id=915","title":{"rendered":"Autori"},"content":{"rendered":"<div id=\"caf-post-layout-container\" class=\"caf-post-layout-container \r\n     multiple-checkbox post-layout3 \r\n     data-target-div1\"\r\n     data-post-type=\"post\"\r\n     data-tax=\"category\"\r\n     data-terms=\"category___31,category___34,category___33,category___32\"\r\n     data-per-page=\"3\"\r\n     data-selected-terms=\"category___31,category___34,category___33,category___32\"\r\n     data-filter-id=\"913\"\r\n     data-post-layout=\"post-layout3\"\r\n     data-filter-layout=\"multiple-checkbox\"\r\n     data-target-div=\"data-target-div1\"\r\n     data-relation=\"OR\"\r\n     data-default-term=\"all\"\r\n     data-scroll=\"desktop\"\r\n     data-scroll-desk=\"-100\"\r\n     data-scroll-mob=\"-100\"\r\n     current-post-id=\"915\"\r\n     data-order-by=\"author\"\r\n     data-order-type=\"asc\"\r\n     active-filters=\"on\"\r\n     active-filters-style=\"without_tax\"\r\n     ><div id=\"caf-multiple-check-filter\" class='caf-filter-layout data-target-div1 '>\r\n<ul class=\"caf-filter-container caf-multiple-check-filter\">\r\n<li><input type='checkbox'  data-id='category___31' id='category___31' value='category___31' class='check_box' data-target-div='data-target-div1'><label data-main-id='flt' for='category___31'>Jagoda Ili\u010di\u0107<\/label><\/li><li><input type='checkbox'  data-id='category___33' id='category___33' value='category___33' class='check_box' data-target-div='data-target-div1'><label data-main-id='flt' for='category___33'>Mirsad Be\u0107irba\u0161i\u0107<\/label><\/li><li><input type='checkbox'  data-id='category___32' id='category___32' value='category___32' class='check_box' data-target-div='data-target-div1'><label data-main-id='flt' for='category___32'>Tatjana Andrejevi\u0107<\/label><\/li><\/ul>\r\n<\/div><div class='caf-active-filters'><ul><\/ul><\/div><div class='caf-manage-sorting-front'>\r\n <div class='caf-manage-sorting-wrap first-wrap'>\r\n Order By :\r\n <select class=\"caf-sort-front caf-sort-order-by\">\r\n <option value=\"author\" selected>Author<\/option>\r\n <option value=\"title\" >Title<\/option>\r\n <option value=\"ID\" >Post ID<\/option>\r\n <option value=\"date\" >Date<\/option>\r\n <option value=\"rand\" >Random<\/option>\r\n <\/select><\/div>\r\n\r\n <div class='caf-manage-sorting-wrap'>\r\n Order  :\r\n <select class=\"caf-sort-front caf-sort-order-type\">\r\n <option value=\"asc\" selected>Asc<\/option>\r\n <option value=\"desc\" >Desc<\/option>\r\n <\/select><\/div>\r\n\r\n<\/div>\r\n\r\n<div id='manage-ajax-response' class='caf-row'><div class=\"status\"><i class=\"fa fa-spinner\" aria-hidden=\"true\"><\/i><\/div><div class=\"content\"><\/div><\/div><\/div>\n <img src='https:\/\/knjigosaur.ba\/wp-content\/plugins\/dp-post-views\/images\/eyes.png' class='dppv_eyes' width='100' height='100'> 0","protected":false},"excerpt":{"rendered":"<p>0<\/p>\n","protected":false},"author":1,"featured_media":0,"parent":0,"menu_order":0,"comment_status":"closed","ping_status":"closed","template":"","meta":{"saved_in_kubio":false,"footnotes":""},"class_list":["post-915","page","type-page","status-publish","hentry"],"kubio_ai_page_context":{"short_desc":"","purpose":"general"},"_links":{"self":[{"href":"https:\/\/knjigosaur.ba\/index.php?rest_route=\/wp\/v2\/pages\/915","targetHints":{"allow":["GET"]}}],"collection":[{"href":"https:\/\/knjigosaur.ba\/index.php?rest_route=\/wp\/v2\/pages"}],"about":[{"href":"https:\/\/knjigosaur.ba\/index.php?rest_route=\/wp\/v2\/types\/page"}],"author":[{"embeddable":true,"href":"https:\/\/knjigosaur.ba\/index.php?rest_route=\/wp\/v2\/users\/1"}],"replies":[{"embeddable":true,"href":"https:\/\/knjigosaur.ba\/index.php?rest_route=%2Fwp%2Fv2%2Fcomments&post=915"}],"version-history":[{"count":1,"href":"https:\/\/knjigosaur.ba\/index.php?rest_route=\/wp\/v2\/pages\/915\/revisions"}],"predecessor-version":[{"id":916,"href":"https:\/\/knjigosaur.ba\/index.php?rest_route=\/wp\/v2\/pages\/915\/revisions\/916"}],"wp:attachment":[{"href":"https:\/\/knjigosaur.ba\/index.php?rest_route=%2Fwp%2Fv2%2Fmedia&parent=915"}],"curies":[{"name":"wp","href":"https:\/\/api.w.org\/{rel}","templated":true}]}}